
{"id":253,"date":"2026-01-19T17:46:42","date_gmt":"2026-01-19T16:46:42","guid":{"rendered":"https:\/\/www.peche-responsable.com\/datenschutzerklaerung\/"},"modified":"2026-01-29T17:27:56","modified_gmt":"2026-01-29T16:27:56","slug":"datenschutzerklaerung","status":"publish","type":"page","link":"https:\/\/www.peche-responsable.com\/de\/datenschutzerklaerung\/","title":{"rendered":"Datenschutzerkl\u00e4rung"},"content":{"rendered":"\n<p>Diese Datenschutzerkl\u00e4rung soll Ihnen erl\u00e4utern, warum wir Ihre Daten erheben und wie wir uns zu deren Schutz verpflichten.<\/p>\n\n<p>Conserverie Chancerelle verpflichtet sich dem Schutz Ihrer pers\u00f6nlichen Daten und Ihrer Privatsph\u00e4re.<\/p>\n\n<p>In diesem Zusammenhang und in Anwendung der Datenschutz-Grundverordnung (im Folgenden \u201eDSGVO\u201c genannt) teilen wir Ihnen nachfolgend die Bedingungen mit, unter denen Ihre personenbezogenen Daten von uns verarbeitet werden.<\/p>\n\n<h3 class=\"wp-block-heading\">Welche personenbezogenen Daten verarbeiten wir?<\/h3>\n\n<h4 class=\"wp-block-heading\">Zwecke:<\/h4>\n\n<p>Wir k\u00f6nnen Ihre personenbezogenen Daten insbesondere zu folgenden Zwecken erheben und speichern:<\/p>\n\n<ul class=\"wp-block-list\">\n<li>Ihre Nachrichten bearbeiten und beantworten<\/li>\n\n\n\n<li>Erkennung von Angriffen und gerichtliche Schritte gegen Betrug<\/li>\n\n\n\n<li>Ihre Auswahl bez\u00fcglich der Verwendung von Cookies speichern<\/li>\n\n\n\n<li>Ihre Antr\u00e4ge auf Aus\u00fcbung von Rechten bearbeiten und beantworten<\/li>\n\n\n\n<li>Zur Erf\u00fcllung geltender oder in Verabschiedung befindlicher regulatorischer Anforderungen<\/li>\n<\/ul>\n\n<h4 class=\"wp-block-heading\">Datenkategorien:<\/h4>\n\n<p>Kontaktdaten (z. B. Name, Vorname, Telefonnummer, E-Mail); Technische und Standortinformationen, die im Rahmen der Nutzung unserer Dienste generiert werden<\/p>\n\n<h2 class=\"wp-block-heading\"><strong>Rechtsgrundlagen der Verarbeitung<\/strong><\/h2>\n\n<p>Die durchgef\u00fchrten Verarbeitungen personenbezogener Daten basieren auf:<\/p>\n\n<ul class=\"wp-block-list\">\n<li>Entweder auf der Einwilligung der betroffenen Person (Artikel 6.1.a der DSGVO) f\u00fcr alle Verarbeitungen, die die vorherige Einholung der Einwilligung erfordern. In Online-Formularen sind Pflichtfelder mit einem Sternchen gekennzeichnet. Wenn die obligatorischen Fragen nicht beantwortet werden, k\u00f6nnen wir Ihnen die angeforderten Dienste nicht zur Verf\u00fcgung stellen.  <\/li>\n\n\n\n<li>Oder zur Erf\u00fcllung eines Vertrags oder zur Durchf\u00fchrung vorvertraglicher Ma\u00dfnahmen,<\/li>\n\n\n\n<li>Oder zur Wahrung eines berechtigten Interesses (Artikel 6.1.e der DSGVO).<\/li>\n\n\n\n<li>Oder zur Erf\u00fcllung einer rechtlichen oder regulatorischen Verpflichtung;<\/li>\n<\/ul>\n\n<p>Ihre Daten werden f\u00fcr die Dauer gespeichert, die zur Erf\u00fcllung der oben genannten Zwecke erforderlich ist.<\/p>\n\n<p>Die Speicherdauer der personenbezogenen Daten der Kunden h\u00e4ngt vom jeweiligen Zweck ab. In diesem Rahmen werden die personenbezogenen Daten der Kunden so lange gespeichert, wie es zur Erf\u00fcllung<br\/>ihrer Anfrage erforderlich ist. Erfolgt keine Realisierung, werden die personenbezogenen Daten innerhalb der von der Commission Nationale Informatique et Libert\u00e9s (CNIL) empfohlenen Fristen gel\u00f6scht, d.h. nach Ablauf von drei Jahren ab ihrer Erhebung, vorbehaltlich: <br\/>\u2013 der gesetzlichen M\u00f6glichkeiten und Pflichten zur Archivierung,<br\/>\u2013 der Pflichten zur Aufbewahrung bestimmter Daten zu Beweiszwecken und\/oder zur Anonymisierung<br\/>dieser. <br\/>Die erhobenen und verarbeiteten personenbezogenen Daten des Kunden zur Erf\u00fcllung der Angebote werden f\u00fcr die Dauer der Verwaltung der Vertragsbeziehung gespeichert.<br\/>Abweichend davon werden die zur Beweisf\u00fchrung eines Rechts oder eines Vertrags erforderlichen personenbezogenen Daten gem\u00e4\u00df den gesetzlichen Bestimmungen archiviert (5 oder 10 Jahre nach Beendigung der Gesch\u00e4ftsbeziehung, je nach Fall).  <\/p>\n\n<h3 class=\"wp-block-heading\"><strong>Wer sind die Empf\u00e4nger Ihrer Daten?<\/strong><\/h3>\n\n<p>Ihre personenbezogenen Daten sind f\u00fcr Conserverie Chancerelle bestimmt.<\/p>\n\n<p>Unsere internen Abteilungen: Sie werden von den Mitarbeitern unserer verschiedenen Abteilungen, wie dem Vertrieb oder der IT-Sicherheit, verarbeitet. Vertrauensw\u00fcrdige Unternehmen oder Personen: Sie verarbeiten Ihre Informationen f\u00fcr uns zu den oben genannten Zwecken, gem\u00e4\u00df unseren Anweisungen, wie sie in unserer Datenschutzerkl\u00e4rung beschrieben sind, und in allen anderen F\u00e4llen der angemessenen Nutzung in Bezug auf Vertraulichkeit und Sicherheit.<br\/>Technische Auftragsverarbeiter: Ihre personenbezogenen Daten k\u00f6nnen streng geregelt an unsere technischen Auftragsverarbeiter (im Sinne von Artikel 4.8 der DSGVO) \u00fcbermittelt werden. Im Falle einer \u00dcbermittlung stellen wir sicher, dass die Auftragsverarbeiter die DSGVO einhalten und technische und organisatorische Ma\u00dfnahmen zum Schutz der Daten ergreifen (Art. 28 DSGVO). <\/p>\n\n<p>Traffic-Analyse (wie <a href=\"https:\/\/donnees.net\/google-analytics-rgpd\">Google Analytics<\/a>)<\/p>\n\n<p>Wir m\u00fcssen unseren Partnern manchmal gestatten, in unserem Namen die personenbezogenen Daten, die wir \u00fcber Sie speichern, zu den in dieser Richtlinie genannten Zwecken oder aus anderen gesetzlich vorgeschriebenen Gr\u00fcnden zu verarbeiten.<\/p>\n\n<p>Die erhobenen personenbezogenen Daten der Kunden werden in Frankreich gehostet.<\/p>\n\n<p>Im Falle der Beauftragung eines Dienstleisters au\u00dferhalb der Europ\u00e4ischen Union verpflichten wir uns zu \u00fcberpr\u00fcfen, ob angemessene Ma\u00dfnahmen getroffen wurden, damit die personenbezogenen Daten ein angemessenes Schutzniveau genie\u00dfen.<\/p>\n\n<h3 class=\"wp-block-heading\"><strong>Wie gew\u00e4hrleistet Conserverie Chancerelle die Sicherheit Ihrer Daten?<\/strong><\/h3>\n\n<p>Wir ergreifen alle organisatorischen und technischen Ma\u00dfnahmen, um ein angemessenes Sicherheitsniveau f\u00fcr Ihre personenbezogenen Daten zu gew\u00e4hrleisten und insbesondere den Verlust von Vertraulichkeit, Integrit\u00e4t oder Verf\u00fcgbarkeit zu verhindern.<\/p>\n\n<p>Wir f\u00fchren regelm\u00e4\u00dfig Datensicherungen, physischen Schutz der R\u00e4umlichkeiten und Zugangskontrollen durch. Soweit m\u00f6glich, beschr\u00e4nken wir den Zugang zu personenbezogenen Informationen auf diejenigen Personen, die diese verarbeiten m\u00fcssen. Wir ergreifen technische und organisatorische Ma\u00dfnahmen, um sicherzustellen, dass die Speicherung der personenbezogenen Daten der Kunden sicher ist und dies f\u00fcr die Dauer, die zur Erf\u00fcllung der verfolgten Zwecke erforderlich ist. <\/p>\n\n<h3 class=\"wp-block-heading\"><strong>Welche Rechte haben Sie bez\u00fcglich Ihrer personenbezogenen Daten?<\/strong><\/h3>\n\n<p>Gem\u00e4\u00df der geltenden Gesetzgebung haben Sie folgende Rechte:<br\/><strong>Ein Recht auf Berichtigung<\/strong>: Sie haben das Recht, die Berichtigung unrichtiger Daten, die Sie betreffen, zu verlangen. Sie haben auch das Recht, unvollst\u00e4ndige Daten, die Sie betreffen, durch eine erg\u00e4nzende Erkl\u00e4rung zu vervollst\u00e4ndigen. Im Falle der Aus\u00fcbung dieses Rechts verpflichten wir uns, jede Berichtigung allen Empf\u00e4ngern Ihrer Daten mitzuteilen,  <br\/><strong>Ein Recht auf L\u00f6schung<\/strong>: In bestimmten F\u00e4llen haben Sie das Recht, die L\u00f6schung Ihrer Daten zu verlangen. Dies ist jedoch kein absolutes Recht, und wir k\u00f6nnen diese Daten aus rechtlichen oder legitimen Gr\u00fcnden aufbewahren. <br\/><strong>Ein Recht auf Einschr\u00e4nkung der Verarbeitung<\/strong>: In bestimmten F\u00e4llen haben Sie das Recht, die Einschr\u00e4nkung der Verarbeitung Ihrer Daten zu verlangen,<br\/><strong>Ein Recht auf Daten\u00fcbertragbarkeit<\/strong>: Sie haben das Recht, Ihre uns zur Verf\u00fcgung gestellten Daten in einem strukturierten, g\u00e4ngigen und maschinenlesbaren Format f\u00fcr Ihre pers\u00f6nliche Nutzung zu erhalten oder an einen Dritten Ihrer Wahl zu \u00fcbermitteln. Dieses Recht gilt nur, wenn die Verarbeitung Ihrer Daten auf Ihrer Einwilligung, einem Vertrag oder einer automatisierten Verarbeitung beruht, <br\/><strong>Ein Widerspruchsrecht gegen die Verarbeitung<\/strong>: Sie haben das Recht, jederzeit der Verarbeitung Ihrer Daten zu widersprechen, wenn die Verarbeitung auf unserem berechtigten Interesse, einer Aufgabe im \u00f6ffentlichen Interesse oder zu Zwecken der Direktwerbung beruht. Dies ist kein absolutes Recht, und wir k\u00f6nnen Ihren Widerspruch aus rechtlichen oder legitimen Gr\u00fcnden ablehnen, <br\/><strong>Das Recht, Ihre Einwilligung jederzeit zu widerrufen<\/strong>: Sie k\u00f6nnen Ihre Einwilligung zur Verarbeitung Ihrer Daten widerrufen, wenn die Verarbeitung auf Ihrer Einwilligung beruht. Der Widerruf der Einwilligung ber\u00fchrt nicht die Rechtm\u00e4\u00dfigkeit der aufgrund der Einwilligung bis zum Widerruf erfolgten Verarbeitung, <br\/><strong>Das Recht, eine Beschwerde bei einer Aufsichtsbeh\u00f6rde einzureichen<\/strong>: Sie haben das Recht, sich bei Ihrer Datenschutzbeh\u00f6rde \u00fcber unsere Praktiken zum Schutz personenbezogener Daten zu beschweren,<\/p>\n\n<p>In Anwendung der <a href=\"https:\/\/donnees.net\/conformite-rgpd\">DSGVO<\/a> k\u00f6nnen die Bedingungen f\u00fcr die Aus\u00fcbung dieser Rechte je nach Rechtsgrundlage der im ersten Absatz genannten Verarbeitung variieren.<br\/>Wir werden jeder Rechtsaus\u00fcbung so schnell wie m\u00f6glich und in jedem Fall innerhalb von 30 Tagen nach Eingang des Antrags nachkommen.<\/p>\n\n<p>Wir behalten uns das Recht vor:<\/p>\n\n<ul class=\"wp-block-list\">\n<li>Im Falle begr\u00fcndeter Zweifel an der Identit\u00e4t des Antragstellers einen Identit\u00e4tsnachweis zu verlangen, um die Vertraulichkeitspflicht zu wahren,<\/li>\n\n\n\n<li>Die Antwortfrist um zwei Monate zu verl\u00e4ngern und den Antragsteller innerhalb eines Monats nach Eingang des Antrags \u00fcber diese Verl\u00e4ngerung und die Gr\u00fcnde f\u00fcr die Verschiebung zu informieren,<\/li>\n\n\n\n<li>Die Beantwortung eines Rechtsanspruchs zu verweigern, wenn dieser als missbr\u00e4uchlich angesehen wird (angesichts seiner Anzahl, seines wiederholten oder systematischen Charakters).<\/li>\n<\/ul>\n\n<h3 class=\"wp-block-heading\">Wen kontaktieren Sie f\u00fcr alle Anfragen im Zusammenhang mit der DSGVO?<\/h3>\n\n<p>Zur Aus\u00fcbung Ihrer Rechte k\u00f6nnen Sie uns kontaktieren:<\/p>\n\n<p>Wir haben einen Datenschutzbeauftragten (DSB) ernannt, der alle Ihre Anfragen, einschlie\u00dflich der Aus\u00fcbung von Rechten, bez\u00fcglich Ihrer personenbezogenen Daten beantworten kann.<\/p>\n\n<p>Conserverie Chancerelle<\/p>\n\n<p>SAS mit einem Kapital von 26.284.864 Euro.<br\/>Eingetragen im Handels- und Gesellschaftsregister von Quimper unter der SIRET-Nummer 44314687300023.<br\/>Adresse: 3 rue des conserveries, 29100 Douarnenez<br\/>Telefon: 0298924244<br\/>Verantwortlicher f\u00fcr die Ver\u00f6ffentlichung: Eric Philippe<\/p>\n\n<p>Sollten Sie trotz unserer Bem\u00fchungen und Verpflichtungen der Ansicht sein, dass Ihre Rechte bez\u00fcglich Ihrer personenbezogenen Daten nicht respektiert wurden, k\u00f6nnen Sie eine Beschwerde bei der Commission Nationale Informatique et Libert\u00e9s einreichen: CNIL 3 Place de Fontenoy TSA 80715 75334 Paris Cedex 07<\/p>\n\n<h3 class=\"wp-block-heading\">\u00c4nderungsvorbehalt der Datenschutzrichtlinie<\/h3>\n\n<p>Diese Datenschutzrichtlinie kann sich \u00e4ndern. Sie wurde auf der Grundlage eines freien Modells erstellt, das auf der Website <a href=\"https:\/\/donnees.net\/\">https:\/\/donnees.net<\/a> heruntergeladen werden kann. Da wir unsere Dienste st\u00e4ndig weiterentwickeln, behalten wir uns das Recht vor, diese Datenschutzrichtlinie gem\u00e4\u00df den geltenden gesetzlichen Bestimmungen zu \u00e4ndern. Jede \u00c4nderung wird rechtzeitig in diesem Dokument ver\u00f6ffentlicht. Wir empfehlen Ihnen, diese Seite regelm\u00e4\u00dfig zu konsultieren, um sich \u00fcber m\u00f6gliche \u00c4nderungen oder Aktualisierungen unserer Datenschutzrichtlinie zu informieren.    <\/p>\n\n<hr class=\"wp-block-separator has-alpha-channel-opacity\"\/>\n\n<h2 class=\"wp-block-heading\">Cookie-Richtlinie<\/h2>\n\n<h3 class=\"wp-block-heading\">Was ist ein \u201eCookie\u201c?<\/h3>\n\n<p>Cookies sind kleine Textdateien, die eine Website auf Ihrem Computer oder Mobilger\u00e4t speichert, wenn Sie die Website besuchen.<\/p>\n\n<p>Sie erleichtern Ihr Online-Erlebnis, indem sie Navigationsinformationen speichern. Dank Cookies k\u00f6nnen Websites Sie angemeldet halten, sich an Ihre Website-Pr\u00e4ferenzen erinnern und Ihnen personalisierte Inhalte anbieten. Cookies k\u00f6nnen auch verwendet werden, um Statistiken \u00fcber das Browser-Erlebnis zu erstellen und gezielte Werbung anzuzeigen.  <\/p>\n\n<p>Im Allgemeinen k\u00f6nnen Cookies nach folgenden Kriterien klassifiziert werden:<\/p>\n\n<p>Dom\u00e4ne:<\/p>\n\n<p>\u2013 Erstanbieter-Cookies werden von einer Website ausgegeben, die ein Nutzer direkt besucht.<\/p>\n\n<p>\u2013 Drittanbieter-Cookies werden nicht von der besuchten Website erstellt, sondern von einem Drittanbieter wie Google Analytics, DoubleClick, Facebook, Twitter, LinkedIn, YouTube, Vimeo usw.<\/p>\n\n<p>Zweck:<\/p>\n\n<p>\u2013 Unbedingt notwendige Cookies sind erforderlich, damit die Website ordnungsgem\u00e4\u00df funktioniert.<\/p>\n\n<p>\u2013 Pr\u00e4ferenz-Cookies erm\u00f6glichen es einer Website, sich an Ihre fr\u00fcheren Entscheidungen zu erinnern.<\/p>\n\n<p>\u2013 Statistik-Cookies helfen dem Website-Betreiber, statistische Daten zu sammeln und zu verstehen, wie Besucher mit der Website interagieren.<\/p>\n\n<p>\u2013 Marketing-Cookies verfolgen die Online-Aktivit\u00e4ten des Nutzers, um Werbetreibenden dabei zu helfen, relevantere Anzeigen zu schalten.<\/p>\n\n<p>Dauer:<\/p>\n\n<p>\u2013 Sitzungs-Cookies, die gel\u00f6scht werden, wenn der Nutzer den Browser schlie\u00dft.<\/p>\n\n<p>\u2013 Persistente Cookies, die f\u00fcr eine bestimmte Zeit auf dem Ger\u00e4t des Nutzers verbleiben.<\/p>\n\n<h3 class=\"wp-block-heading\">Welche Cookies und Tracker verwenden wir?<\/h3>\n\n<p>Unbedingt notwendige Cookies<\/p>\n\n<p>Cookie-Schl\u00fcssel Dom\u00e4ne Pfad Cookie-Typ Ablauf Beschreibung<\/p>\n\n<p>PHPSESSID<br\/>Erstanbieter-Sitzungscookie, das von Anwendungen generiert wird, die auf der PHP-Sprache basieren. Dies ist ein allgemeiner Bezeichner, der zur Verwaltung von Benutzersitzungsvariablen verwendet wird. Es handelt sich normalerweise um eine zuf\u00e4llig generierte Zahl; wie sie verwendet wird, kann websitespezifisch sein, aber ein gutes Beispiel ist die Aufrechterhaltung eines angemeldeten Status f\u00fcr einen Benutzer zwischen den Seiten.  <\/p>\n\n<p>Performance-Cookies<\/p>\n\n<p>_gid<br\/>Erstanbieter 1 Tag Dieser Cookie wird von Google Analytics gesetzt. Er speichert und aktualisiert einen eindeutigen Wert f\u00fcr jede besuchte Seite und wird verwendet, um Seitenaufrufe zu z\u00e4hlen und zu verfolgen. <\/p>\n\n<p>_gat<br\/>Erstanbieter 1 Minute Dieser Cookie-Name ist mit Google Universal Analytics verbunden; laut Dokumentation wird er verwendet, um die Anfragerate zu drosseln \u2013 wodurch die Datenerfassung auf Websites mit hohem Traffic begrenzt wird.<br\/>_ga<br\/>Erstanbieter 2 Jahre Dieser Cookie-Name ist mit Google Universal Analytics verbunden \u2013 einer bedeutenden Aktualisierung des h\u00e4ufiger genutzten Analysedienstes von Google. Dieser Cookie wird verwendet, um eindeutige Benutzer durch Zuweisung einer zuf\u00e4llig generierten Nummer als Client-ID zu unterscheiden. Er ist in jeder Seitenanfrage einer Website enthalten und wird verwendet, um Besucher-, Sitzungs- und Kampagnendaten f\u00fcr die Analysereports der Websites zu berechnen.  <\/p>\n\n<p>Targeting-Cookies<\/p>\n\n<p>Cookie-Schl\u00fcssel Dom\u00e4ne Pfad Cookie-Typ Ablauf Beschreibung<br\/>YSC<br\/>Weitere Informationen .youtube.com \/ Drittanbieter Sitzung Dieser Cookie wird von YouTube gesetzt, um die Aufrufe eingebetteter Videos zu verfolgen.<\/p>\n\n<p>VISITOR_INFO1_LIVE<br\/>Weitere Informationen .youtube.com \/ Drittanbieter 6 Monate Dieser Cookie wird von YouTube gesetzt, um die Benutzereinstellungen f\u00fcr in Websites eingebettete YouTube-Videos zu verfolgen; er kann auch feststellen, ob der Website-Besucher die neue oder alte Version der YouTube-Oberfl\u00e4che verwendet.<\/p>\n\n<h3 class=\"wp-block-heading\">Ihre Cookie-Einstellungen<\/h3>\n\n<p>Wenn Sie die Website zum ersten Mal besuchen, bietet Ihnen ein Cookie-Banner an, Cookies zu akzeptieren oder abzulehnen, die f\u00fcr den Betrieb der Website nicht unbedingt erforderlich sind. Sie k\u00f6nnen Cookies jederzeit ablehnen\/deaktivieren, mit Ausnahme der Cookies, die f\u00fcr den stabilen Betrieb der Website notwendig sind. Sie haben jederzeit die M\u00f6glichkeit, Ihre Pr\u00e4ferenzen bez\u00fcglich der Cookie-Verwaltung zu \u00e4ndern.  <\/p>\n","protected":false},"excerpt":{"rendered":"<p>Diese Datenschutzerkl\u00e4rung soll Ihnen erl\u00e4utern, warum wir Ihre Daten erheben und wie wir uns zu deren Schutz verpflichten. Conserverie Chancerelle verpflichtet sich dem Schutz Ihrer pers\u00f6nlichen Daten und Ihrer Privatsph\u00e4re. In diesem Zusammenhang und in Anwendung der Datenschutz-Grundverordnung (im Folgenden \u201eDSGVO\u201c genannt) teilen wir Ihnen nachfolgend die Bedingungen mit, unter denen Ihre personenbezogenen Daten von [&hellip;]<\/p>\n","protected":false},"author":1,"featured_media":0,"parent":0,"menu_order":0,"comment_status":"closed","ping_status":"open","template":"","meta":{"_acf_changed":false,"inline_featured_image":false,"footnotes":""},"class_list":["post-253","page","type-page","status-publish","hentry"],"acf":[],"_links":{"self":[{"href":"https:\/\/www.peche-responsable.com\/de\/wp-json\/wp\/v2\/pages\/253","targetHints":{"allow":["GET"]}}],"collection":[{"href":"https:\/\/www.peche-responsable.com\/de\/wp-json\/wp\/v2\/pages"}],"about":[{"href":"https:\/\/www.peche-responsable.com\/de\/wp-json\/wp\/v2\/types\/page"}],"author":[{"embeddable":true,"href":"https:\/\/www.peche-responsable.com\/de\/wp-json\/wp\/v2\/users\/1"}],"replies":[{"embeddable":true,"href":"https:\/\/www.peche-responsable.com\/de\/wp-json\/wp\/v2\/comments?post=253"}],"version-history":[{"count":1,"href":"https:\/\/www.peche-responsable.com\/de\/wp-json\/wp\/v2\/pages\/253\/revisions"}],"predecessor-version":[{"id":254,"href":"https:\/\/www.peche-responsable.com\/de\/wp-json\/wp\/v2\/pages\/253\/revisions\/254"}],"wp:attachment":[{"href":"https:\/\/www.peche-responsable.com\/de\/wp-json\/wp\/v2\/media?parent=253"}],"curies":[{"name":"wp","href":"https:\/\/api.w.org\/{rel}","templated":true}]}}